{"id":16,"date":"2014-03-26T22:15:08","date_gmt":"2014-03-26T22:15:08","guid":{"rendered":"http:\/\/its-conf.org\/2014\/?page_id=16"},"modified":"2025-07-09T14:02:40","modified_gmt":"2025-07-09T14:02:40","slug":"committees","status":"publish","type":"page","link":"https:\/\/www.ihci-conf.org\/oldconferences\/2025\/committees\/","title":{"rendered":"Committees"},"content":{"rendered":"<p><strong>Program Chair<\/strong><\/p>\n<p>Katherine Blashki, Noroff University College, Norway<\/p>\n<p><strong>\u00a0<\/strong><\/p>\n<p><strong>MCCSIS General Conference Co-Chairs<\/strong><\/p>\n<p>Piet Kommers, UNESCO Professor of Educational Technology, The Netherlands<\/p>\n<p>Pedro Isaias, Universidade Aberta (Portuguese Open University), Portugal<\/p>\n<p>&nbsp;<\/p>\n<p><strong>Committee Members<\/strong><\/p>\n<p>Afra Pascual, Universat De Lleida, Spain<br \/>\nAlexander Kr\u00f6ner, Technische Hochschule N\u00fcrnberg Georg Simon Ohm, Germany<br \/>\nAndre Constantino da Silva, IFSP &amp; NIED\/UNICAMP, Brazil<br \/>\nAsterios Leonidis, ICS-FORTH, CSD UOC, Greece<br \/>\nBirgit Bachler, Fh Joanneum University Of Applied Sciences, Austria<br \/>\nBruna Carolina Rodrigues Cunha, Universidade de S\u00e3o Paulo, Brazil<br \/>\nC.M. Nadeem Faisal, National Textile University, Pakistan<br \/>\nEduardo Tanaka, Eldorado Research Institute, Brazil<br \/>\nElisa Boff, Universidade de Caxias do Sul (UCS), Brazil<br \/>\nFelix Albertos Marco, University Of Castilla-la Mancha, Spain<br \/>\nHilda\u00a0Carvalho De Oliveira, Sao Paulo State University (UNESP), Brazil<br \/>\nJesuk Ko, Universidad Mayor de San Andres (UMSA), Bolivia<br \/>\nJos\u00e9 Antonio Mac\u00edas Iglesias, Universidad Aut\u00f3noma De Madrid, Spain<br \/>\nJuan Enrique Garrido Navarro, Universidad De Castilla-la Mancha, Spain<br \/>\nKal Dhou, Texas A&amp;M University Central Texas, USA<br \/>\nLarbi Esmahi, Athabasca University, Canada<br \/>\nLeonardo Tortoro Pereira, Igce &#8211; Unesp, Brazil<br \/>\nLinghan Zhang, Eindhoven University of Technology, Netherlands<br \/>\nMaki K. Habib, The American University In Cairo, Egypt<br \/>\nMarcelo Romero Huertas, Universidad Autonoma Del Estado De Mexico, Mexico<br \/>\nMichael Hohl, HS Anhalt\/FB Design, Germany<br \/>\nNadine Vigouroux, IRIT, CNRS, Paul Sabtier University, France<br \/>\nOtniel Portillo Rodriguez, Universidad Auton\u00f3ma Del Estado De M\u00e9xico, Mexico<br \/>\nPaula Miranda, School of Technology, Setubal Polytechnic University, Portugal<br \/>\nSandro Jos\u00e9 Rigo, Unisinos, Brazil<br \/>\nSilvio Cazella, Ufcspa , Brazil<br \/>\nUlrich von Zadow, Technische Hochschule N\u00fcrnberg Georg Simon Ohm, DE<br \/>\nXiaokun Zhang, Athabasca University, Canada<br \/>\nYacine Bellik, LISN Laboratory, Paris-Saclay University, France<\/p>\n<p>&nbsp;<\/p>\n<p>&nbsp;<\/p>\n","protected":false},"excerpt":{"rendered":"<p>Program Chair Katherine Blashki, Noroff University College, Norway \u00a0 MCCSIS General Conference Co-Chairs Piet Kommers, UNESCO Professor of Educational Technology, The Netherlands Pedro Isaias, Universidade Aberta (Portuguese Open University), Portugal &nbsp; Committee Members Afra Pascual, Universat De Lleida, Spain Alexander Kr\u00f6ner, Technische Hochschule N\u00fcrnberg Georg Simon Ohm, Germany Andre Constantino da Silva, IFSP &amp; NIED\/UNICAMP, [&hellip;]<\/p>\n","protected":false},"author":1,"featured_media":0,"parent":0,"menu_order":0,"comment_status":"closed","ping_status":"closed","template":"","meta":{"footnotes":""},"class_list":["post-16","page","type-page","status-publish","hentry"],"_links":{"self":[{"href":"https:\/\/www.ihci-conf.org\/oldconferences\/2025\/wp-json\/wp\/v2\/pages\/16","targetHints":{"allow":["GET"]}}],"collection":[{"href":"https:\/\/www.ihci-conf.org\/oldconferences\/2025\/wp-json\/wp\/v2\/pages"}],"about":[{"href":"https:\/\/www.ihci-conf.org\/oldconferences\/2025\/wp-json\/wp\/v2\/types\/page"}],"author":[{"embeddable":true,"href":"https:\/\/www.ihci-conf.org\/oldconferences\/2025\/wp-json\/wp\/v2\/users\/1"}],"replies":[{"embeddable":true,"href":"https:\/\/www.ihci-conf.org\/oldconferences\/2025\/wp-json\/wp\/v2\/comments?post=16"}],"version-history":[{"count":126,"href":"https:\/\/www.ihci-conf.org\/oldconferences\/2025\/wp-json\/wp\/v2\/pages\/16\/revisions"}],"predecessor-version":[{"id":2455,"href":"https:\/\/www.ihci-conf.org\/oldconferences\/2025\/wp-json\/wp\/v2\/pages\/16\/revisions\/2455"}],"wp:attachment":[{"href":"https:\/\/www.ihci-conf.org\/oldconferences\/2025\/wp-json\/wp\/v2\/media?parent=16"}],"curies":[{"name":"wp","href":"https:\/\/api.w.org\/{rel}","templated":true}]}}