{"id":16,"date":"2014-03-26T22:15:08","date_gmt":"2014-03-26T22:15:08","guid":{"rendered":"http:\/\/its-conf.org\/2014\/?page_id=16"},"modified":"2024-05-07T11:08:34","modified_gmt":"2024-05-07T11:08:34","slug":"committees","status":"publish","type":"page","link":"https:\/\/www.ihci-conf.org\/oldconferences\/2024\/committees\/","title":{"rendered":"Committees"},"content":{"rendered":"<p><strong>Program Chair<\/strong><\/p>\n<p>Katherine Blashki, Noroff University College, Norway<\/p>\n<p><strong>\u00a0<\/strong><\/p>\n<p><strong>MCCSIS General Conference Co-Chairs<\/strong><\/p>\n<p>Piet Kommers, University of Twente, The Netherlands<\/p>\n<p>Pedro Isaias, The University of New South Wales (UNSW \u2013 Sydney), Australia<\/p>\n<p>&nbsp;<\/p>\n<p><strong>Committee Members*<\/strong><\/p>\n<p>Afra Pascual, Universat de Lleida, Spain<br \/>\nAlexander Kr\u00f6ner, Technische Hochschule N\u00fcrnberg Georg Simon Ohm, Germany<br \/>\nAnastasija Nikiforova, University of Tartu, Estonia &amp; European Open Science, Estonia<br \/>\nAndre Constantino da Silva, Instituto Federal de Sao Paulo, Brazil<br \/>\nArianna D Ulizia, Irpps-cnr, Italy<br \/>\nAsterios Leonidis, Foundation For Research &amp; Technology &#8211; Hellas, Greece<br \/>\nBirgit Bachler, Fh Joanneum University of Applied Sciences, Austria<br \/>\nBridget Kane, 1954, Sweden<br \/>\nBruna Carolina Rodrigues Cunha, Universidade de S\u00e3o Paulo, Brazil<br \/>\nC.M. Nadeem Faisal, National Textile University, Pakistan<br \/>\nEduardo Tanaka, Eldorado Research Institute, Brazil<br \/>\nEleni Mangina, University College Dublin (UCD), Ireland<br \/>\nFelix Albertos Marco, University of Castilla-la Mancha, Spain<br \/>\nHabib Fardoun, King Abdulaziz University, Saudi Arabia<br \/>\nJanet Wesson, Nelson Mandela Metropolitan University, South Africa<br \/>\nJesuk Ko, Universidad Mayor de San Andres (UMSA), Bolivia<br \/>\nJos\u00e9 Antonio Mac\u00edas Iglesias, Universidad Aut\u00f3noma de Madrid, Spain<br \/>\nJuan Enrique Garrido Navarro, Universidad de Castilla-la Mancha, Spain<br \/>\nKal Dhou, Texas A&amp;M University Central Texas, USA<br \/>\nLarbi Esmahi, Athabasca University, Canada<br \/>\nLavanya Elluri, Texas A&amp;m University-central Texas, USA<br \/>\nLinghan Zhang, Eindhoven University of Technology, Netherlands<br \/>\nMaki K. Habib, The American University in Cairo, Egypt<br \/>\nMarcelo Romero Huertas, Universidad Autonoma del Estado de Mexico, Mexico<br \/>\nMark Apperley, University of Waikato, New Zealand<br \/>\nMathieu Raynal, University of Toulouse, France<br \/>\nMichael HOHL, HS Anhalt\/FB Design, Germany<br \/>\nMonica Bordegoni, Politecnico di Milano, Italy<br \/>\nNadine Vigouroux, IRIT, CNRS, Paul Sabtier University, France<br \/>\nOtniel Portillo Rodriguez, Universidad Auton\u00f3ma del Estado de M\u00e9xico, Mexico<br \/>\nPhilip Breedon, Nottingham Trent University, United Kingdom<br \/>\nR\u00fcdiger Heimg\u00e4rtner, Intercultural User Interface Consulting, Germany<br \/>\nSandro Jos\u00e9 Rigo, Unisinos, Brazil<br \/>\nSergio Sayago, Universat de Lleida, Spain<br \/>\nSheng Tan, Trinity University, United States<br \/>\nSilvio Cazella, Ufcspa, Brazil<br \/>\nYacine Bellik, LISN Laboratory, Paris-Saclay University, France<br \/>\nYan Luximon, The Hong Kong Polytechnic Universit, Hong Kong<\/p>\n<p>&nbsp;<\/p>\n<p>* committee members are being invited<\/p>\n<p>&nbsp;<\/p>\n","protected":false},"excerpt":{"rendered":"<p>Program Chair Katherine Blashki, Noroff University College, Norway \u00a0 MCCSIS General Conference Co-Chairs Piet Kommers, University of Twente, The Netherlands Pedro Isaias, The University of New South Wales (UNSW \u2013 Sydney), Australia &nbsp; Committee Members* Afra Pascual, Universat de Lleida, Spain Alexander Kr\u00f6ner, Technische Hochschule N\u00fcrnberg Georg Simon Ohm, Germany Anastasija Nikiforova, University of Tartu, [&hellip;]<\/p>\n","protected":false},"author":1,"featured_media":0,"parent":0,"menu_order":0,"comment_status":"closed","ping_status":"closed","template":"","meta":{"footnotes":""},"_links":{"self":[{"href":"https:\/\/www.ihci-conf.org\/oldconferences\/2024\/wp-json\/wp\/v2\/pages\/16"}],"collection":[{"href":"https:\/\/www.ihci-conf.org\/oldconferences\/2024\/wp-json\/wp\/v2\/pages"}],"about":[{"href":"https:\/\/www.ihci-conf.org\/oldconferences\/2024\/wp-json\/wp\/v2\/types\/page"}],"author":[{"embeddable":true,"href":"https:\/\/www.ihci-conf.org\/oldconferences\/2024\/wp-json\/wp\/v2\/users\/1"}],"replies":[{"embeddable":true,"href":"https:\/\/www.ihci-conf.org\/oldconferences\/2024\/wp-json\/wp\/v2\/comments?post=16"}],"version-history":[{"count":113,"href":"https:\/\/www.ihci-conf.org\/oldconferences\/2024\/wp-json\/wp\/v2\/pages\/16\/revisions"}],"predecessor-version":[{"id":2334,"href":"https:\/\/www.ihci-conf.org\/oldconferences\/2024\/wp-json\/wp\/v2\/pages\/16\/revisions\/2334"}],"wp:attachment":[{"href":"https:\/\/www.ihci-conf.org\/oldconferences\/2024\/wp-json\/wp\/v2\/media?parent=16"}],"curies":[{"name":"wp","href":"https:\/\/api.w.org\/{rel}","templated":true}]}}